{"id":5335,"date":"2023-01-06T20:32:03","date_gmt":"2023-01-06T20:32:03","guid":{"rendered":"https:\/\/cabinetlead.com\/?page_id=5335"},"modified":"2023-01-12T10:01:31","modified_gmt":"2023-01-12T10:01:31","slug":"etudes-et-formations","status":"publish","type":"page","link":"https:\/\/www.cabinetlead.com\/index.php\/etudes-et-formations\/","title":{"rendered":"Etudes et Formations"},"content":{"rendered":"\t\t<div data-elementor-type=\"wp-page\" data-elementor-id=\"5335\" class=\"elementor elementor-5335\">\n\t\t\t\t\t\t\t\t\t<section class=\"elementor-section elementor-top-section elementor-element elementor-element-dc3294a elementor-section-content-middle elementor-section-boxed elementor-section-height-default elementor-section-height-default\" data-id=\"dc3294a\" data-element_type=\"section\">\n\t\t\t\t\t\t<div class=\"elementor-container elementor-column-gap-default\">\n\t\t\t\t\t<div class=\"elementor-column elementor-col-50 elementor-top-column elementor-element elementor-element-5838e78\" data-id=\"5838e78\" data-element_type=\"column\">\n\t\t\t<div class=\"elementor-widget-wrap elementor-element-populated\">\n\t\t\t\t\t\t\t\t<div class=\"elementor-element elementor-element-e079b6c elementor-widget elementor-widget-react-heading\" data-id=\"e079b6c\" data-element_type=\"widget\" data-widget_type=\"react-heading.default\">\n\t\t\t\t<div class=\"elementor-widget-container\">\n\t\t\t        <div class=\"react-heading style9 \">\r\n        \t<div class=\"title-inner\">        \t\t      \t\t\r\n\t            <h2 class=\"title\"><span class=\"watermark\"><\/span>Etudes et Formations<\/h2><div class=\"title-img bottom-img\"><img decoding=\"async\" src=\"https:\/\/reactheme.com\/products\/wordpress\/finanix\/wp-content\/uploads\/2022\/02\/line-1.svg\" alt=\"title-image\" \/><\/div>\t        <\/div>\r\n\t                <\/div>\r\n        \t\t<\/div>\n\t\t\t\t<\/div>\n\t\t\t\t<div class=\"elementor-element elementor-element-02d9d57 elementor-widget elementor-widget-rt-custom-accordions\" data-id=\"02d9d57\" data-element_type=\"widget\" data-widget_type=\"rt-custom-accordions.default\">\n\t\t\t\t<div class=\"elementor-widget-container\">\n\t\t\t        <div class=\"accordion style1\" id=\"accordionExample7464\">\n                                    \n            <div class=\"rt-cart\">\n              <div class=\"rt-card-header\">\n                <h2 class=\"mb-0\">\n                  <button class=\"btn btn-link btn-block cart-button-rt text-left \" aria-expanded=\"true\" aria-controls=\"collapse1\" type=\"button\" data-toggle=\"collapse\" data-target=\"#collapse1\">\n                                            <span> 01.<\/span>  Etudes                  <\/button>\n                <\/h2>\n              <\/div>\n\n              <div id=\"collapse1\" class=\"collapse\"  data-parent=\"#accordionExample7464\">\n                <div class=\"card-body\">\n                -\nMontage\ndes dossiers d\u2019agr\u00e9ment bancaire\n-\nElaboration\nde dossiers de demande d\u2019autorisation\npr\u00e9alable\n-\nElaboration\nde business plan\n-\nDiverses\n\u00e9tudes financi\u00e8res                <\/div>\n              <\/div>\n            <\/div>                 \n                                    \n            <div class=\"rt-cart\">\n              <div class=\"rt-card-header\">\n                <h2 class=\"mb-0\">\n                  <button class=\"btn btn-link btn-block cart-button-rt text-left collapsed\" aria-expanded=\"true\" aria-controls=\"collapse2\" type=\"button\" data-toggle=\"collapse\" data-target=\"#collapse2\">\n                                            <span> 02.<\/span>  Formations                  <\/button>\n                <\/h2>\n              <\/div>\n\n              <div id=\"collapse2\" class=\"collapse\"  data-parent=\"#accordionExample7464\">\n                <div class=\"card-body\">\n                -\nAdministrateurs\n-\nMembres\nde la Direction g\u00e9n\u00e9rale\n-\nPersonnel\nd\u2019entreprise                <\/div>\n              <\/div>\n            <\/div>                 \n                              \n                  \n            <\/div>\n            <script>\n            jQuery( function($) {            \t\n              \tjQuery(\"#collapse1\").addClass(\"show\");     \n              \t\n               \n            \t} );         \n            <\/script>\n        \t\t<\/div>\n\t\t\t\t<\/div>\n\t\t\t\t\t<\/div>\n\t\t<\/div>\n\t\t\t\t<div class=\"elementor-column elementor-col-50 elementor-top-column elementor-element elementor-element-81a18cc\" data-id=\"81a18cc\" data-element_type=\"column\">\n\t\t\t<div class=\"elementor-widget-wrap elementor-element-populated\">\n\t\t\t\t\t\t\t\t<div class=\"elementor-element elementor-element-b3b7246 elementor-widget elementor-widget-image\" data-id=\"b3b7246\" data-element_type=\"widget\" data-widget_type=\"image.default\">\n\t\t\t\t<div class=\"elementor-widget-container\">\n\t\t\t\t\t\t\t\t\t\t\t\t\t\t\t<img decoding=\"async\" width=\"510\" height=\"622\" src=\"https:\/\/www.cabinetlead.com\/wp-content\/uploads\/2023\/01\/81adf754b2.jpg\" class=\"attachment-large size-large wp-image-5445\" alt=\"\" loading=\"lazy\" srcset=\"https:\/\/www.cabinetlead.com\/wp-content\/uploads\/2023\/01\/81adf754b2.jpg 510w, https:\/\/www.cabinetlead.com\/wp-content\/uploads\/2023\/01\/81adf754b2-246x300.jpg 246w\" sizes=\"(max-width: 510px) 100vw, 510px\" \/>\t\t\t\t\t\t\t\t\t\t\t\t\t\t\t<\/div>\n\t\t\t\t<\/div>\n\t\t\t\t\t<\/div>\n\t\t<\/div>\n\t\t\t\t\t\t\t<\/div>\n\t\t<\/section>\n\t\t\t\t\t\t\t<\/div>\n\t\t","protected":false},"excerpt":{"rendered":"<p>Etudes et Formations 01. Etudes &#8211; Montage des dossiers d\u2019agr\u00e9ment bancaire &#8211; Elaboration de dossiers de demande d\u2019autorisation pr\u00e9alable &#8211; Elaboration de business plan &#8211; Diverses \u00e9tudes financi\u00e8res 02. Formations &#8211; Administrateurs &#8211; Membres de la Direction g\u00e9n\u00e9rale &#8211; Personnel d\u2019entreprise<\/p>\n","protected":false},"author":1,"featured_media":0,"parent":0,"menu_order":0,"comment_status":"closed","ping_status":"closed","template":"","meta":[],"_links":{"self":[{"href":"https:\/\/www.cabinetlead.com\/index.php\/wp-json\/wp\/v2\/pages\/5335"}],"collection":[{"href":"https:\/\/www.cabinetlead.com\/index.php\/wp-json\/wp\/v2\/pages"}],"about":[{"href":"https:\/\/www.cabinetlead.com\/index.php\/wp-json\/wp\/v2\/types\/page"}],"author":[{"embeddable":true,"href":"https:\/\/www.cabinetlead.com\/index.php\/wp-json\/wp\/v2\/users\/1"}],"replies":[{"embeddable":true,"href":"https:\/\/www.cabinetlead.com\/index.php\/wp-json\/wp\/v2\/comments?post=5335"}],"version-history":[{"count":7,"href":"https:\/\/www.cabinetlead.com\/index.php\/wp-json\/wp\/v2\/pages\/5335\/revisions"}],"predecessor-version":[{"id":5513,"href":"https:\/\/www.cabinetlead.com\/index.php\/wp-json\/wp\/v2\/pages\/5335\/revisions\/5513"}],"wp:attachment":[{"href":"https:\/\/www.cabinetlead.com\/index.php\/wp-json\/wp\/v2\/media?parent=5335"}],"curies":[{"name":"wp","href":"https:\/\/api.w.org\/{rel}","templated":true}]}}