{"id":5331,"date":"2023-01-06T20:30:35","date_gmt":"2023-01-06T20:30:35","guid":{"rendered":"https:\/\/cabinetlead.com\/?page_id=5331"},"modified":"2023-01-12T09:47:53","modified_gmt":"2023-01-12T09:47:53","slug":"conseil-en-ingenierie-financiere","status":"publish","type":"page","link":"https:\/\/www.cabinetlead.com\/index.php\/conseil-en-ingenierie-financiere\/","title":{"rendered":"Conseil en Ing\u00e9nierie Financi\u00e8re"},"content":{"rendered":"\t\t<div data-elementor-type=\"wp-page\" data-elementor-id=\"5331\" class=\"elementor elementor-5331\">\n\t\t\t\t\t\t\t\t\t<section class=\"elementor-section elementor-top-section elementor-element elementor-element-9628e9a elementor-section-content-middle elementor-section-boxed elementor-section-height-default elementor-section-height-default\" data-id=\"9628e9a\" data-element_type=\"section\">\n\t\t\t\t\t\t<div class=\"elementor-container elementor-column-gap-default\">\n\t\t\t\t\t<div class=\"elementor-column elementor-col-50 elementor-top-column elementor-element elementor-element-ade42ca\" data-id=\"ade42ca\" data-element_type=\"column\">\n\t\t\t<div class=\"elementor-widget-wrap elementor-element-populated\">\n\t\t\t\t\t\t\t\t<div class=\"elementor-element elementor-element-09f18e6 elementor-widget elementor-widget-react-heading\" data-id=\"09f18e6\" data-element_type=\"widget\" data-widget_type=\"react-heading.default\">\n\t\t\t\t<div class=\"elementor-widget-container\">\n\t\t\t        <div class=\"react-heading style9 \">\r\n        \t<div class=\"title-inner\">        \t\t      \t\t\r\n\t            <h2 class=\"title\"><span class=\"watermark\"><\/span>Conseil en Ing\u00e9nierie Financi\u00e8re<\/h2><div class=\"title-img bottom-img\"><img decoding=\"async\" src=\"https:\/\/reactheme.com\/products\/wordpress\/finanix\/wp-content\/uploads\/2022\/02\/line-1.svg\" alt=\"title-image\" \/><\/div>\t        <\/div>\r\n\t                <\/div>\r\n        \t\t<\/div>\n\t\t\t\t<\/div>\n\t\t\t\t<div class=\"elementor-element elementor-element-e124528 elementor-widget elementor-widget-rt-custom-accordions\" data-id=\"e124528\" data-element_type=\"widget\" data-widget_type=\"rt-custom-accordions.default\">\n\t\t\t\t<div class=\"elementor-widget-container\">\n\t\t\t        <div class=\"accordion style1\" id=\"accordionExample6195\">\n                                    \n            <div class=\"rt-cart\">\n              <div class=\"rt-card-header\">\n                <h2 class=\"mb-0\">\n                  <button class=\"btn btn-link btn-block cart-button-rt text-left \" aria-expanded=\"true\" aria-controls=\"collapse1\" type=\"button\" data-toggle=\"collapse\" data-target=\"#collapse1\">\n                                            <span> 01.<\/span>  Structuration financi\u00e8re                  <\/button>\n                <\/h2>\n              <\/div>\n\n              <div id=\"collapse1\" class=\"collapse\"  data-parent=\"#accordionExample6195\">\n                <div class=\"card-body\">\n                -\nMontages financiers\n-\nValorisation du projet\n-\nPr\u00e9vision de tr\u00e9sorerie pour le financement\n-\nN\u00e9gociation aupr\u00e8s des investisseurs                <\/div>\n              <\/div>\n            <\/div>                 \n                                    \n            <div class=\"rt-cart\">\n              <div class=\"rt-card-header\">\n                <h2 class=\"mb-0\">\n                  <button class=\"btn btn-link btn-block cart-button-rt text-left collapsed\" aria-expanded=\"true\" aria-controls=\"collapse2\" type=\"button\" data-toggle=\"collapse\" data-target=\"#collapse2\">\n                                            <span> 02.<\/span>  Fusion Acquisition Cession                  <\/button>\n                <\/h2>\n              <\/div>\n\n              <div id=\"collapse2\" class=\"collapse\"  data-parent=\"#accordionExample6195\">\n                <div class=\"card-body\">\n                -\nAssistance dans la pr\u00e9paration des documents\nde r\u00e9f\u00e9rence\n-\nIdentification\net s\u00e9lection des cibles ou\ninvestisseurs\n-\nConseil\ndurant les diff\u00e9rentes phases de\nn\u00e9gociation                <\/div>\n              <\/div>\n            <\/div>                 \n                                    \n            <div class=\"rt-cart\">\n              <div class=\"rt-card-header\">\n                <h2 class=\"mb-0\">\n                  <button class=\"btn btn-link btn-block cart-button-rt text-left collapsed\" aria-expanded=\"true\" aria-controls=\"collapse3\" type=\"button\" data-toggle=\"collapse\" data-target=\"#collapse3\">\n                                            <span> 03.<\/span>  Recherche de financement                  <\/button>\n                <\/h2>\n              <\/div>\n\n              <div id=\"collapse3\" class=\"collapse\"  data-parent=\"#accordionExample6195\">\n                <div class=\"card-body\">\n                -\nIdentification\net choix d es bailleurs de fonds\n-\nN\u00e9gociations\n-\nLev\u00e9e\nde fonds\n-\nClosing\nfinancier\n-\nGarantie\nde portefeuille\n-\nE\nmprunts subordonn\u00e9s pour renforcer les fonds\npropres                <\/div>\n              <\/div>\n            <\/div>                 \n                                    \n            <div class=\"rt-cart\">\n              <div class=\"rt-card-header\">\n                <h2 class=\"mb-0\">\n                  <button class=\"btn btn-link btn-block cart-button-rt text-left collapsed\" aria-expanded=\"true\" aria-controls=\"collapse4\" type=\"button\" data-toggle=\"collapse\" data-target=\"#collapse4\">\n                                            <span> 04.<\/span>  Accompagnement des PME\/PMI                  <\/button>\n                <\/h2>\n              <\/div>\n\n              <div id=\"collapse4\" class=\"collapse\"  data-parent=\"#accordionExample6195\">\n                <div class=\"card-body\">\n                -\nAnalyse et pr\u00e9paration du projet d\u2019entreprise\n-\nElaboration d\u2019un plan d\u2019affaires\n-\nBudget pr\u00e9visionnel\n-\nSuivi du projet d\u2019entreprise                <\/div>\n              <\/div>\n            <\/div>                 \n                              \n                  \n            <\/div>\n            <script>\n            jQuery( function($) {            \t\n              \tjQuery(\"#collapse1\").addClass(\"show\");     \n              \t\n               \n            \t} );         \n            <\/script>\n        \t\t<\/div>\n\t\t\t\t<\/div>\n\t\t\t\t\t<\/div>\n\t\t<\/div>\n\t\t\t\t<div class=\"elementor-column elementor-col-50 elementor-top-column elementor-element elementor-element-7dfff92\" data-id=\"7dfff92\" data-element_type=\"column\">\n\t\t\t<div class=\"elementor-widget-wrap elementor-element-populated\">\n\t\t\t\t\t\t\t\t<div class=\"elementor-element elementor-element-5cb3dd8 elementor-widget elementor-widget-image\" data-id=\"5cb3dd8\" data-element_type=\"widget\" data-widget_type=\"image.default\">\n\t\t\t\t<div class=\"elementor-widget-container\">\n\t\t\t\t\t\t\t\t\t\t\t\t\t\t\t<img decoding=\"async\" width=\"510\" height=\"622\" src=\"https:\/\/www.cabinetlead.com\/wp-content\/uploads\/2023\/01\/81adf754b2.jpg\" class=\"attachment-large size-large wp-image-5445\" alt=\"\" loading=\"lazy\" srcset=\"https:\/\/www.cabinetlead.com\/wp-content\/uploads\/2023\/01\/81adf754b2.jpg 510w, https:\/\/www.cabinetlead.com\/wp-content\/uploads\/2023\/01\/81adf754b2-246x300.jpg 246w\" sizes=\"(max-width: 510px) 100vw, 510px\" \/>\t\t\t\t\t\t\t\t\t\t\t\t\t\t\t<\/div>\n\t\t\t\t<\/div>\n\t\t\t\t\t<\/div>\n\t\t<\/div>\n\t\t\t\t\t\t\t<\/div>\n\t\t<\/section>\n\t\t\t\t\t\t\t<\/div>\n\t\t","protected":false},"excerpt":{"rendered":"<p>Conseil en Ing\u00e9nierie Financi\u00e8re 01. Structuration financi\u00e8re &#8211; Montages financiers &#8211; Valorisation du projet &#8211; Pr\u00e9vision de tr\u00e9sorerie pour le financement &#8211; N\u00e9gociation aupr\u00e8s des investisseurs 02. Fusion Acquisition Cession &#8211; Assistance dans la pr\u00e9paration des documents de r\u00e9f\u00e9rence &#8211; Identification et s\u00e9lection des cibles ou investisseurs &#8211; Conseil durant les diff\u00e9rentes phases de n\u00e9gociation&#8230;<\/p>\n","protected":false},"author":1,"featured_media":0,"parent":0,"menu_order":0,"comment_status":"closed","ping_status":"closed","template":"","meta":[],"_links":{"self":[{"href":"https:\/\/www.cabinetlead.com\/index.php\/wp-json\/wp\/v2\/pages\/5331"}],"collection":[{"href":"https:\/\/www.cabinetlead.com\/index.php\/wp-json\/wp\/v2\/pages"}],"about":[{"href":"https:\/\/www.cabinetlead.com\/index.php\/wp-json\/wp\/v2\/types\/page"}],"author":[{"embeddable":true,"href":"https:\/\/www.cabinetlead.com\/index.php\/wp-json\/wp\/v2\/users\/1"}],"replies":[{"embeddable":true,"href":"https:\/\/www.cabinetlead.com\/index.php\/wp-json\/wp\/v2\/comments?post=5331"}],"version-history":[{"count":4,"href":"https:\/\/www.cabinetlead.com\/index.php\/wp-json\/wp\/v2\/pages\/5331\/revisions"}],"predecessor-version":[{"id":5502,"href":"https:\/\/www.cabinetlead.com\/index.php\/wp-json\/wp\/v2\/pages\/5331\/revisions\/5502"}],"wp:attachment":[{"href":"https:\/\/www.cabinetlead.com\/index.php\/wp-json\/wp\/v2\/media?parent=5331"}],"curies":[{"name":"wp","href":"https:\/\/api.w.org\/{rel}","templated":true}]}}