{"id":5275,"date":"2023-01-06T17:16:12","date_gmt":"2023-01-06T17:16:12","guid":{"rendered":"https:\/\/cabinetlead.com\/?page_id=5275"},"modified":"2023-02-02T10:17:57","modified_gmt":"2023-02-02T10:17:57","slug":"nos-secteurs-dactivites","status":"publish","type":"page","link":"https:\/\/www.cabinetlead.com\/index.php\/nos-secteurs-dactivites\/","title":{"rendered":"Nos secteurs d\u2019activit\u00e9s"},"content":{"rendered":"\t\t<div data-elementor-type=\"wp-page\" data-elementor-id=\"5275\" class=\"elementor elementor-5275\">\n\t\t\t\t\t\t\t\t\t<section class=\"elementor-section elementor-top-section elementor-element elementor-element-ef53fb9 elementor-section-content-middle elementor-section-stretched elementor-section-boxed elementor-section-height-default elementor-section-height-default\" data-id=\"ef53fb9\" data-element_type=\"section\" data-settings=\"{&quot;stretch_section&quot;:&quot;section-stretched&quot;,&quot;background_background&quot;:&quot;classic&quot;}\">\n\t\t\t\t\t\t<div class=\"elementor-container elementor-column-gap-default\">\n\t\t\t\t\t<div class=\"elementor-column elementor-col-100 elementor-top-column elementor-element elementor-element-c670e8d\" data-id=\"c670e8d\" data-element_type=\"column\">\n\t\t\t<div class=\"elementor-widget-wrap elementor-element-populated\">\n\t\t\t\t\t\t\t\t<section class=\"elementor-section elementor-inner-section elementor-element elementor-element-a88d010 elementor-section-boxed elementor-section-height-default elementor-section-height-default\" data-id=\"a88d010\" data-element_type=\"section\">\n\t\t\t\t\t\t<div class=\"elementor-container elementor-column-gap-default\">\n\t\t\t\t\t<div class=\"elementor-column elementor-col-100 elementor-inner-column elementor-element elementor-element-bafaf5a\" data-id=\"bafaf5a\" data-element_type=\"column\">\n\t\t\t<div class=\"elementor-widget-wrap elementor-element-populated\">\n\t\t\t\t\t\t\t\t<div class=\"elementor-element elementor-element-b5daa14 elementor-widget elementor-widget-react-heading\" data-id=\"b5daa14\" data-element_type=\"widget\" data-widget_type=\"react-heading.default\">\n\t\t\t\t<div class=\"elementor-widget-container\">\n\t\t\t        <div class=\"react-heading default center\">\r\n        \t<div class=\"title-inner\">        \t\t      \t\t\r\n\t            <span class=\"sub-text \">portfolio<\/span><h2 class=\"title\"><span class=\"watermark\"><\/span>Nos secteurs d'activit\u00e9s<\/h2>\t        <\/div>\r\n\t                <\/div>\r\n        \t\t<\/div>\n\t\t\t\t<\/div>\n\t\t\t\t<div class=\"elementor-element elementor-element-1c01262 elementor-widget elementor-widget-rt-portfolio-slider\" data-id=\"1c01262\" data-element_type=\"widget\" data-widget_type=\"rt-portfolio-slider.default\">\n\t\t\t\t<div class=\"elementor-widget-container\">\n\t\t\t\t \r\n\r\n\t\t<div class=\"rsaddon-unique-slider rs-addon-slider rt-portfolio-slider rt-portfolio rt-portfolio-style3 slider-style-3 \">\r\n\t\t\t<div id=\"rsaddon-slick-slider-12835\" class=\"rt_widget_sliders\">\r\n\r\n\t\t\t \t\r\n\r\n\t\t<div class=\"grid-item\">\r\n\t\t\t<div class=\"portfolio-item content-overlay\">\r\n\t\t\t\t                    <div class=\"portfolio-img\">\r\n                    \t<a href=\"https:\/\/www.cabinetlead.com\/index.php\/rt-portfolios\/institutions-financieres\/\"><img width=\"280\" height=\"180\" src=\"https:\/\/www.cabinetlead.com\/wp-content\/uploads\/2023\/01\/Secteur113-280x180.jpg\" class=\"attachment-finanix-portfolio-slider size-finanix-portfolio-slider wp-post-image\" alt=\"\" decoding=\"async\" loading=\"lazy\" \/><\/a>\r\n                    \t<a class=\"pf-btn2\" href=\"https:\/\/www.cabinetlead.com\/index.php\/rt-portfolios\/institutions-financieres\/\">Lire la suite<\/a>\r\n                    <\/div>\r\n                                <div class=\"portfolio-content\">\r\n                    <div class=\"vertical-middle\">\r\n                        <div class=\"vertical-middle-cell\">\r\n                        \t<p class=\"p-category\"> <a href=\"https:\/\/www.cabinetlead.com\/index.php\/rt-portfolio-category\/secteurs-dactivites\/\" rel=\"tag\">Secteurs d\u2019activit\u00e9s<\/a><\/p>\r\n                        \t                        \t\t<h4 class=\"p-title\"><a href=\"https:\/\/www.cabinetlead.com\/index.php\/rt-portfolios\/institutions-financieres\/\">Institutions financi\u00e8res<\/a><\/h4>\r\n                        \t                        \t\r\n                        <\/div>\r\n                    <\/div>\r\n                <\/div>\r\n            <\/div>\r\n\t\t<\/div>\r\n\t\t\r\n\r\n\t\t<div class=\"grid-item\">\r\n\t\t\t<div class=\"portfolio-item content-overlay\">\r\n\t\t\t\t                    <div class=\"portfolio-img\">\r\n                    \t<a href=\"https:\/\/www.cabinetlead.com\/index.php\/rt-portfolios\/assurances\/\"><img width=\"280\" height=\"180\" src=\"https:\/\/www.cabinetlead.com\/wp-content\/uploads\/2023\/01\/Secteur12-280x180.jpg\" class=\"attachment-finanix-portfolio-slider size-finanix-portfolio-slider wp-post-image\" alt=\"\" decoding=\"async\" loading=\"lazy\" \/><\/a>\r\n                    \t<a class=\"pf-btn2\" href=\"https:\/\/www.cabinetlead.com\/index.php\/rt-portfolios\/assurances\/\">Lire la suite<\/a>\r\n                    <\/div>\r\n                                <div class=\"portfolio-content\">\r\n                    <div class=\"vertical-middle\">\r\n                        <div class=\"vertical-middle-cell\">\r\n                        \t<p class=\"p-category\"> <a href=\"https:\/\/www.cabinetlead.com\/index.php\/rt-portfolio-category\/secteurs-dactivites\/\" rel=\"tag\">Secteurs d\u2019activit\u00e9s<\/a><\/p>\r\n                        \t                        \t\t<h4 class=\"p-title\"><a href=\"https:\/\/www.cabinetlead.com\/index.php\/rt-portfolios\/assurances\/\">Assurances<\/a><\/h4>\r\n                        \t                        \t\r\n                        <\/div>\r\n                    <\/div>\r\n                <\/div>\r\n            <\/div>\r\n\t\t<\/div>\r\n\t\t\r\n\r\n\t\t<div class=\"grid-item\">\r\n\t\t\t<div class=\"portfolio-item content-overlay\">\r\n\t\t\t\t                    <div class=\"portfolio-img\">\r\n                    \t<a href=\"https:\/\/www.cabinetlead.com\/index.php\/rt-portfolios\/immobilier\/\"><img width=\"280\" height=\"180\" src=\"https:\/\/www.cabinetlead.com\/wp-content\/uploads\/2023\/01\/Secteur11-280x180.jpg\" class=\"attachment-finanix-portfolio-slider size-finanix-portfolio-slider wp-post-image\" alt=\"\" decoding=\"async\" loading=\"lazy\" \/><\/a>\r\n                    \t<a class=\"pf-btn2\" href=\"https:\/\/www.cabinetlead.com\/index.php\/rt-portfolios\/immobilier\/\">Lire la suite<\/a>\r\n                    <\/div>\r\n                                <div class=\"portfolio-content\">\r\n                    <div class=\"vertical-middle\">\r\n                        <div class=\"vertical-middle-cell\">\r\n                        \t<p class=\"p-category\"> <a href=\"https:\/\/www.cabinetlead.com\/index.php\/rt-portfolio-category\/secteurs-dactivites\/\" rel=\"tag\">Secteurs d\u2019activit\u00e9s<\/a><\/p>\r\n                        \t                        \t\t<h4 class=\"p-title\"><a href=\"https:\/\/www.cabinetlead.com\/index.php\/rt-portfolios\/immobilier\/\">Immobilier<\/a><\/h4>\r\n                        \t                        \t\r\n                        <\/div>\r\n                    <\/div>\r\n                <\/div>\r\n            <\/div>\r\n\t\t<\/div>\r\n\t\t\r\n\r\n\t\t<div class=\"grid-item\">\r\n\t\t\t<div class=\"portfolio-item content-overlay\">\r\n\t\t\t\t                    <div class=\"portfolio-img\">\r\n                    \t<a href=\"https:\/\/www.cabinetlead.com\/index.php\/rt-portfolios\/energies-et-ressources\/\"><img width=\"280\" height=\"180\" src=\"https:\/\/www.cabinetlead.com\/wp-content\/uploads\/2023\/01\/Secteur10-280x180.jpg\" class=\"attachment-finanix-portfolio-slider size-finanix-portfolio-slider wp-post-image\" alt=\"\" decoding=\"async\" loading=\"lazy\" \/><\/a>\r\n                    \t<a class=\"pf-btn2\" href=\"https:\/\/www.cabinetlead.com\/index.php\/rt-portfolios\/energies-et-ressources\/\">Lire la suite<\/a>\r\n                    <\/div>\r\n                                <div class=\"portfolio-content\">\r\n                    <div class=\"vertical-middle\">\r\n                        <div class=\"vertical-middle-cell\">\r\n                        \t<p class=\"p-category\"> <a href=\"https:\/\/www.cabinetlead.com\/index.php\/rt-portfolio-category\/secteurs-dactivites\/\" rel=\"tag\">Secteurs d\u2019activit\u00e9s<\/a><\/p>\r\n                        \t                        \t\t<h4 class=\"p-title\"><a href=\"https:\/\/www.cabinetlead.com\/index.php\/rt-portfolios\/energies-et-ressources\/\">Energies et ressources<\/a><\/h4>\r\n                        \t                        \t\r\n                        <\/div>\r\n                    <\/div>\r\n                <\/div>\r\n            <\/div>\r\n\t\t<\/div>\r\n\t\t\r\n\r\n\t\t<div class=\"grid-item\">\r\n\t\t\t<div class=\"portfolio-item content-overlay\">\r\n\t\t\t\t                    <div class=\"portfolio-img\">\r\n                    \t<a href=\"https:\/\/www.cabinetlead.com\/index.php\/rt-portfolios\/oil-and-gas\/\"><img width=\"280\" height=\"180\" src=\"https:\/\/www.cabinetlead.com\/wp-content\/uploads\/2023\/01\/Secteur9-280x180.jpg\" class=\"attachment-finanix-portfolio-slider size-finanix-portfolio-slider wp-post-image\" alt=\"\" decoding=\"async\" loading=\"lazy\" \/><\/a>\r\n                    \t<a class=\"pf-btn2\" href=\"https:\/\/www.cabinetlead.com\/index.php\/rt-portfolios\/oil-and-gas\/\">Lire la suite<\/a>\r\n                    <\/div>\r\n                                <div class=\"portfolio-content\">\r\n                    <div class=\"vertical-middle\">\r\n                        <div class=\"vertical-middle-cell\">\r\n                        \t<p class=\"p-category\"> <a href=\"https:\/\/www.cabinetlead.com\/index.php\/rt-portfolio-category\/secteurs-dactivites\/\" rel=\"tag\">Secteurs d\u2019activit\u00e9s<\/a><\/p>\r\n                        \t                        \t\t<h4 class=\"p-title\"><a href=\"https:\/\/www.cabinetlead.com\/index.php\/rt-portfolios\/oil-and-gas\/\">Oil and Gas<\/a><\/h4>\r\n                        \t                        \t\r\n                        <\/div>\r\n                    <\/div>\r\n                <\/div>\r\n            <\/div>\r\n\t\t<\/div>\r\n\t\t\r\n\r\n\t\t<div class=\"grid-item\">\r\n\t\t\t<div class=\"portfolio-item content-overlay\">\r\n\t\t\t\t                    <div class=\"portfolio-img\">\r\n                    \t<a href=\"https:\/\/www.cabinetlead.com\/index.php\/rt-portfolios\/technologie\/\"><img width=\"280\" height=\"180\" src=\"https:\/\/www.cabinetlead.com\/wp-content\/uploads\/2023\/01\/Secteur8-280x180.jpg\" class=\"attachment-finanix-portfolio-slider size-finanix-portfolio-slider wp-post-image\" alt=\"\" decoding=\"async\" loading=\"lazy\" \/><\/a>\r\n                    \t<a class=\"pf-btn2\" href=\"https:\/\/www.cabinetlead.com\/index.php\/rt-portfolios\/technologie\/\">Lire la suite<\/a>\r\n                    <\/div>\r\n                                <div class=\"portfolio-content\">\r\n                    <div class=\"vertical-middle\">\r\n                        <div class=\"vertical-middle-cell\">\r\n                        \t<p class=\"p-category\"> <a href=\"https:\/\/www.cabinetlead.com\/index.php\/rt-portfolio-category\/secteurs-dactivites\/\" rel=\"tag\">Secteurs d\u2019activit\u00e9s<\/a><\/p>\r\n                        \t                        \t\t<h4 class=\"p-title\"><a href=\"https:\/\/www.cabinetlead.com\/index.php\/rt-portfolios\/technologie\/\">Technologie<\/a><\/h4>\r\n                        \t                        \t\r\n                        <\/div>\r\n                    <\/div>\r\n                <\/div>\r\n            <\/div>\r\n\t\t<\/div>\r\n\t\t\r\n\r\n\t\t<div class=\"grid-item\">\r\n\t\t\t<div class=\"portfolio-item content-overlay\">\r\n\t\t\t\t                    <div class=\"portfolio-img\">\r\n                    \t<a href=\"https:\/\/www.cabinetlead.com\/index.php\/rt-portfolios\/sante\/\"><img width=\"280\" height=\"180\" src=\"https:\/\/www.cabinetlead.com\/wp-content\/uploads\/2023\/01\/Secteur7-280x180.jpg\" class=\"attachment-finanix-portfolio-slider size-finanix-portfolio-slider wp-post-image\" alt=\"\" decoding=\"async\" loading=\"lazy\" \/><\/a>\r\n                    \t<a class=\"pf-btn2\" href=\"https:\/\/www.cabinetlead.com\/index.php\/rt-portfolios\/sante\/\">Lire la suite<\/a>\r\n                    <\/div>\r\n                                <div class=\"portfolio-content\">\r\n                    <div class=\"vertical-middle\">\r\n                        <div class=\"vertical-middle-cell\">\r\n                        \t<p class=\"p-category\"> <a href=\"https:\/\/www.cabinetlead.com\/index.php\/rt-portfolio-category\/secteurs-dactivites\/\" rel=\"tag\">Secteurs d\u2019activit\u00e9s<\/a><\/p>\r\n                        \t                        \t\t<h4 class=\"p-title\"><a href=\"https:\/\/www.cabinetlead.com\/index.php\/rt-portfolios\/sante\/\">Sant\u00e9<\/a><\/h4>\r\n                        \t                        \t\r\n                        <\/div>\r\n                    <\/div>\r\n                <\/div>\r\n            <\/div>\r\n\t\t<\/div>\r\n\t\t\r\n\r\n\t\t<div class=\"grid-item\">\r\n\t\t\t<div class=\"portfolio-item content-overlay\">\r\n\t\t\t\t                    <div class=\"portfolio-img\">\r\n                    \t<a href=\"https:\/\/www.cabinetlead.com\/index.php\/rt-portfolios\/distribution\/\"><img width=\"280\" height=\"180\" src=\"https:\/\/www.cabinetlead.com\/wp-content\/uploads\/2023\/01\/Secteur6-280x180.jpg\" class=\"attachment-finanix-portfolio-slider size-finanix-portfolio-slider wp-post-image\" alt=\"\" decoding=\"async\" loading=\"lazy\" \/><\/a>\r\n                    \t<a class=\"pf-btn2\" href=\"https:\/\/www.cabinetlead.com\/index.php\/rt-portfolios\/distribution\/\">Lire la suite<\/a>\r\n                    <\/div>\r\n                                <div class=\"portfolio-content\">\r\n                    <div class=\"vertical-middle\">\r\n                        <div class=\"vertical-middle-cell\">\r\n                        \t<p class=\"p-category\"> <a href=\"https:\/\/www.cabinetlead.com\/index.php\/rt-portfolio-category\/secteurs-dactivites\/\" rel=\"tag\">Secteurs d\u2019activit\u00e9s<\/a><\/p>\r\n                        \t                        \t\t<h4 class=\"p-title\"><a href=\"https:\/\/www.cabinetlead.com\/index.php\/rt-portfolios\/distribution\/\">Distribution<\/a><\/h4>\r\n                        \t                        \t\r\n                        <\/div>\r\n                    <\/div>\r\n                <\/div>\r\n            <\/div>\r\n\t\t<\/div>\r\n\t\t\r\n\r\n\t\t<div class=\"grid-item\">\r\n\t\t\t<div class=\"portfolio-item content-overlay\">\r\n\t\t\t\t                    <div class=\"portfolio-img\">\r\n                    \t<a href=\"https:\/\/www.cabinetlead.com\/index.php\/rt-portfolios\/telecommunication\/\"><img width=\"280\" height=\"180\" src=\"https:\/\/www.cabinetlead.com\/wp-content\/uploads\/2023\/01\/Secteur4-280x180.jpg\" class=\"attachment-finanix-portfolio-slider size-finanix-portfolio-slider wp-post-image\" alt=\"\" decoding=\"async\" loading=\"lazy\" \/><\/a>\r\n                    \t<a class=\"pf-btn2\" href=\"https:\/\/www.cabinetlead.com\/index.php\/rt-portfolios\/telecommunication\/\">Lire la suite<\/a>\r\n                    <\/div>\r\n                                <div class=\"portfolio-content\">\r\n                    <div class=\"vertical-middle\">\r\n                        <div class=\"vertical-middle-cell\">\r\n                        \t<p class=\"p-category\"> <a href=\"https:\/\/www.cabinetlead.com\/index.php\/rt-portfolio-category\/secteurs-dactivites\/\" rel=\"tag\">Secteurs d\u2019activit\u00e9s<\/a><\/p>\r\n                        \t                        \t\t<h4 class=\"p-title\"><a href=\"https:\/\/www.cabinetlead.com\/index.php\/rt-portfolios\/telecommunication\/\">T\u00e9l\u00e9communication<\/a><\/h4>\r\n                        \t                        \t\r\n                        <\/div>\r\n                    <\/div>\r\n                <\/div>\r\n            <\/div>\r\n\t\t<\/div>\r\n\t\t\r\n\r\n\t\t<div class=\"grid-item\">\r\n\t\t\t<div class=\"portfolio-item content-overlay\">\r\n\t\t\t\t                    <div class=\"portfolio-img\">\r\n                    \t<a href=\"https:\/\/www.cabinetlead.com\/index.php\/rt-portfolios\/automobile-et-transport\/\"><img width=\"280\" height=\"180\" src=\"https:\/\/www.cabinetlead.com\/wp-content\/uploads\/2023\/01\/Secteur2-280x180.jpg\" class=\"attachment-finanix-portfolio-slider size-finanix-portfolio-slider wp-post-image\" alt=\"\" decoding=\"async\" loading=\"lazy\" \/><\/a>\r\n                    \t<a class=\"pf-btn2\" href=\"https:\/\/www.cabinetlead.com\/index.php\/rt-portfolios\/automobile-et-transport\/\">Lire la suite<\/a>\r\n                    <\/div>\r\n                                <div class=\"portfolio-content\">\r\n                    <div class=\"vertical-middle\">\r\n                        <div class=\"vertical-middle-cell\">\r\n                        \t<p class=\"p-category\"> <a href=\"https:\/\/www.cabinetlead.com\/index.php\/rt-portfolio-category\/secteurs-dactivites\/\" rel=\"tag\">Secteurs d\u2019activit\u00e9s<\/a><\/p>\r\n                        \t                        \t\t<h4 class=\"p-title\"><a href=\"https:\/\/www.cabinetlead.com\/index.php\/rt-portfolios\/automobile-et-transport\/\">Automobile et transport<\/a><\/h4>\r\n                        \t                        \t\r\n                        <\/div>\r\n                    <\/div>\r\n                <\/div>\r\n            <\/div>\r\n\t\t<\/div>\r\n\t\t\r\n\r\n\t\t<div class=\"grid-item\">\r\n\t\t\t<div class=\"portfolio-item content-overlay\">\r\n\t\t\t\t                    <div class=\"portfolio-img\">\r\n                    \t<a href=\"https:\/\/www.cabinetlead.com\/index.php\/rt-portfolios\/infrastructures\/\"><img width=\"280\" height=\"180\" src=\"https:\/\/www.cabinetlead.com\/wp-content\/uploads\/2023\/01\/Secteur1-280x180.jpg\" class=\"attachment-finanix-portfolio-slider size-finanix-portfolio-slider wp-post-image\" alt=\"\" decoding=\"async\" loading=\"lazy\" \/><\/a>\r\n                    \t<a class=\"pf-btn2\" href=\"https:\/\/www.cabinetlead.com\/index.php\/rt-portfolios\/infrastructures\/\">Lire la suite<\/a>\r\n                    <\/div>\r\n                                <div class=\"portfolio-content\">\r\n                    <div class=\"vertical-middle\">\r\n                        <div class=\"vertical-middle-cell\">\r\n                        \t<p class=\"p-category\"> <a href=\"https:\/\/www.cabinetlead.com\/index.php\/rt-portfolio-category\/secteurs-dactivites\/\" rel=\"tag\">Secteurs d\u2019activit\u00e9s<\/a><\/p>\r\n                        \t                        \t\t<h4 class=\"p-title\"><a href=\"https:\/\/www.cabinetlead.com\/index.php\/rt-portfolios\/infrastructures\/\">Infrastructures<\/a><\/h4>\r\n                        \t                        \t\r\n                        <\/div>\r\n                    <\/div>\r\n                <\/div>\r\n            <\/div>\r\n\t\t<\/div>\r\n\t\t\r\n\r\n\t\t<div class=\"grid-item\">\r\n\t\t\t<div class=\"portfolio-item content-overlay\">\r\n\t\t\t\t                    <div class=\"portfolio-img\">\r\n                    \t<a href=\"https:\/\/www.cabinetlead.com\/index.php\/rt-portfolios\/industrie\/\"><img width=\"280\" height=\"180\" src=\"https:\/\/www.cabinetlead.com\/wp-content\/uploads\/2023\/01\/Secteur3-280x180.jpg\" class=\"attachment-finanix-portfolio-slider size-finanix-portfolio-slider wp-post-image\" alt=\"\" decoding=\"async\" loading=\"lazy\" \/><\/a>\r\n                    \t<a class=\"pf-btn2\" href=\"https:\/\/www.cabinetlead.com\/index.php\/rt-portfolios\/industrie\/\">Lire la suite<\/a>\r\n                    <\/div>\r\n                                <div class=\"portfolio-content\">\r\n                    <div class=\"vertical-middle\">\r\n                        <div class=\"vertical-middle-cell\">\r\n                        \t<p class=\"p-category\"> <a href=\"https:\/\/www.cabinetlead.com\/index.php\/rt-portfolio-category\/secteurs-dactivites\/\" rel=\"tag\">Secteurs d\u2019activit\u00e9s<\/a><\/p>\r\n                        \t                        \t\t<h4 class=\"p-title\"><a href=\"https:\/\/www.cabinetlead.com\/index.php\/rt-portfolios\/industrie\/\">Industrie<\/a><\/h4>\r\n                        \t                        \t\r\n                        <\/div>\r\n                    <\/div>\r\n                <\/div>\r\n            <\/div>\r\n\t\t<\/div>\r\n\t\t\t<\/div>\r\n\t\t<div class=\"rsaddon-slider-conf wpsisac-hide\" data-conf=\"{&quot;slidesToShow&quot;:&quot;4&quot;,&quot;autoplaySpeed&quot;:3000,&quot;interval&quot;:3000,&quot;slidesToScroll&quot;:&quot;1&quot;,&quot;slider_autoplay&quot;:&quot;true&quot;,&quot;pauseOnHover&quot;:&quot;false&quot;,&quot;sliderDots&quot;:&quot;true&quot;,&quot;sliderNav&quot;:&quot;false&quot;,&quot;infinite&quot;:&quot;false&quot;,&quot;centerMode&quot;:&quot;false&quot;,&quot;col_lg&quot;:&quot;4&quot;,&quot;col_md&quot;:&quot;4&quot;,&quot;col_sm&quot;:2,&quot;col_xs&quot;:&quot;1&quot;,&quot;slider_centerMode_pad&quot;:&quot;400px&quot;,&quot;slider_centers_pad&quot;:null,&quot;slider_centers_pad2&quot;:null,&quot;slider_centers_pad3&quot;:null}\"><\/div>\r\n\t<\/div>\r\n\t<script type=\"text\/javascript\"> \r\n\t\tjQuery(document).ready(function(){\r\n\t\t\tjQuery( '.rt_widget_sliders' ).each(function( index ) {        \r\n\t        var slider_id       = jQuery(this).attr('id'); \r\n\t        var slider_conf     = jQuery.parseJSON( jQuery(this).closest('.rsaddon-unique-slider').find('.rsaddon-slider-conf').attr('data-conf'));\r\n\t      \r\n\t        if( typeof(slider_id) != 'undefined' && slider_id != '' ) {\r\n            jQuery('#'+slider_id).not('.slick-initialized').slick({\r\n            slidesToShow    : parseInt(slider_conf.col_lg),\r\n            centerMode      : (slider_conf.centerMode)  == \"true\" ? true : false,\r\n            dots            : (slider_conf.sliderDots)  == \"true\" ? true : false,\r\n            arrows          : (slider_conf.sliderNav) == \"true\" ? true : false,\r\n            autoplay        : (slider_conf.slider_autoplay) == \"true\" ? true : false,\r\n            slidesToScroll  : parseInt(slider_conf.slidesToScroll),\r\n            centerPadding   : slider_conf.slider_centerMode_pad,\r\n            autoplaySpeed   : parseInt(slider_conf.autoplaySpeed),\r\n            pauseOnHover    : (slider_conf.pauseOnHover) == \"true\" ? true : false,\r\n            loop : false,\r\n            responsive: [{\r\n                breakpoint: 1200,\r\n                settings: {\r\n                    slidesToShow: parseInt(slider_conf.col_md),\r\n                    slidesToScroll: 1,              \r\n                }\r\n            },\r\n            {\r\n                breakpoint: 1199,\r\n                settings: {\r\n                    centerPadding   : slider_conf.slider_centers_pad3,\r\n                }\r\n            },\r\n            {\r\n                breakpoint: 992,\r\n                settings: {\r\n                    slidesToShow: parseInt(slider_conf.col_sm),\r\n                    slidesToScroll: 1,\r\n                    centerPadding   : slider_conf.slider_centers_pad,\r\n                }\r\n            }, \r\n            {\r\n                breakpoint: 768,\r\n                settings: {\r\n                    arrows: false,\r\n                    slidesToShow: parseInt(slider_conf.col_xs),\r\n                    slidesToScroll: 1,\r\n                    centerPadding   : slider_conf.slider_centers_pad2,\r\n                }\r\n            }, \r\n            {\r\n                breakpoint: 600,\r\n                settings: {\r\n                    slidesToShow: 1,\r\n                    arrows: false,\r\n                    slidesToScroll: 1,\r\n                    centerPadding   : '0px',\r\n                }\r\n            }]\r\n            });\r\n        }\r\n\t   \r\n\t\t});\r\n\t});\r\n    <\/script>\r\n\t\t\t<\/div>\n\t\t\t\t<\/div>\n\t\t\t\t\t<\/div>\n\t\t<\/div>\n\t\t\t\t\t\t\t<\/div>\n\t\t<\/section>\n\t\t\t\t\t<\/div>\n\t\t<\/div>\n\t\t\t\t\t\t\t<\/div>\n\t\t<\/section>\n\t\t\t\t\t\t\t<\/div>\n\t\t","protected":false},"excerpt":{"rendered":"<p>portfolio Nos secteurs d&rsquo;activit\u00e9s Lire la suite Secteurs d\u2019activit\u00e9s Infrastructures Lire la suite Secteurs d\u2019activit\u00e9s Automobile et transport Lire la suite Secteurs d\u2019activit\u00e9s Industrie Lire la suite Secteurs d\u2019activit\u00e9s T\u00e9l\u00e9communication Lire la suite Secteurs d\u2019activit\u00e9s Agroalimentaire Lire la suite Secteurs d\u2019activit\u00e9s Distribution Lire la suite Secteurs d\u2019activit\u00e9s Sant\u00e9 Secteurs d\u2019activit\u00e9s Technologie Lire la suite Secteurs&#8230;<\/p>\n","protected":false},"author":1,"featured_media":0,"parent":0,"menu_order":0,"comment_status":"closed","ping_status":"closed","template":"","meta":[],"_links":{"self":[{"href":"https:\/\/www.cabinetlead.com\/index.php\/wp-json\/wp\/v2\/pages\/5275"}],"collection":[{"href":"https:\/\/www.cabinetlead.com\/index.php\/wp-json\/wp\/v2\/pages"}],"about":[{"href":"https:\/\/www.cabinetlead.com\/index.php\/wp-json\/wp\/v2\/types\/page"}],"author":[{"embeddable":true,"href":"https:\/\/www.cabinetlead.com\/index.php\/wp-json\/wp\/v2\/users\/1"}],"replies":[{"embeddable":true,"href":"https:\/\/www.cabinetlead.com\/index.php\/wp-json\/wp\/v2\/comments?post=5275"}],"version-history":[{"count":16,"href":"https:\/\/www.cabinetlead.com\/index.php\/wp-json\/wp\/v2\/pages\/5275\/revisions"}],"predecessor-version":[{"id":5657,"href":"https:\/\/www.cabinetlead.com\/index.php\/wp-json\/wp\/v2\/pages\/5275\/revisions\/5657"}],"wp:attachment":[{"href":"https:\/\/www.cabinetlead.com\/index.php\/wp-json\/wp\/v2\/media?parent=5275"}],"curies":[{"name":"wp","href":"https:\/\/api.w.org\/{rel}","templated":true}]}}