{"id":13,"date":"2022-02-07T11:14:11","date_gmt":"2022-02-07T11:14:11","guid":{"rendered":"http:\/\/localhost\/finanix\/?page_id=13"},"modified":"2023-01-16T14:15:00","modified_gmt":"2023-01-16T14:15:00","slug":"a-propos","status":"publish","type":"page","link":"https:\/\/www.cabinetlead.com\/index.php\/a-propos\/","title":{"rendered":"A Propos"},"content":{"rendered":"\t\t<div data-elementor-type=\"wp-page\" data-elementor-id=\"13\" class=\"elementor elementor-13\">\n\t\t\t\t\t\t\t\t\t<section class=\"elementor-section elementor-top-section elementor-element elementor-element-6f4011c elementor-section-content-middle elementor-section-boxed elementor-section-height-default elementor-section-height-default\" data-id=\"6f4011c\" data-element_type=\"section\">\n\t\t\t\t\t\t<div class=\"elementor-container elementor-column-gap-default\">\n\t\t\t\t\t<div class=\"elementor-column elementor-col-50 elementor-top-column elementor-element elementor-element-3cf2a6b\" data-id=\"3cf2a6b\" data-element_type=\"column\">\n\t\t\t<div class=\"elementor-widget-wrap elementor-element-populated\">\n\t\t\t\t\t\t\t\t<div class=\"elementor-element elementor-element-79360e5 elementor-widget__width-auto elementor-absolute elementor-widget elementor-widget-react-image\" data-id=\"79360e5\" data-element_type=\"widget\" data-settings=\"{&quot;_position&quot;:&quot;absolute&quot;}\" data-widget_type=\"react-image.default\">\n\t\t\t\t<div class=\"elementor-widget-container\">\n\t\t\t        <div class=\"react-image no\">\n                            <img decoding=\"async\" class=\"react-multi-image  image-rotate image-scale\" src=\"https:\/\/reactheme.com\/products\/wordpress\/finanix\/wp-content\/uploads\/2022\/02\/square-1.png\" alt=\"image\"\/>\n                    <\/div>\n          \n    \t\t<\/div>\n\t\t\t\t<\/div>\n\t\t\t\t<div class=\"elementor-element elementor-element-aa5137d elementor-widget elementor-widget-image\" data-id=\"aa5137d\" data-element_type=\"widget\" data-widget_type=\"image.default\">\n\t\t\t\t<div class=\"elementor-widget-container\">\n\t\t\t\t\t\t\t\t\t\t\t\t\t\t\t<img decoding=\"async\" width=\"640\" height=\"655\" src=\"https:\/\/www.cabinetlead.com\/wp-content\/uploads\/revslider\/main-home-1\/hero-man-31.png\" class=\"attachment-large size-large wp-image-5265\" alt=\"\" loading=\"lazy\" srcset=\"https:\/\/www.cabinetlead.com\/wp-content\/uploads\/revslider\/main-home-1\/hero-man-31.png 705w, https:\/\/www.cabinetlead.com\/wp-content\/uploads\/revslider\/main-home-1\/hero-man-31-293x300.png 293w\" sizes=\"(max-width: 640px) 100vw, 640px\" \/>\t\t\t\t\t\t\t\t\t\t\t\t\t\t\t<\/div>\n\t\t\t\t<\/div>\n\t\t\t\t\t<\/div>\n\t\t<\/div>\n\t\t\t\t<div class=\"elementor-column elementor-col-50 elementor-top-column elementor-element elementor-element-58c91f1\" data-id=\"58c91f1\" data-element_type=\"column\">\n\t\t\t<div class=\"elementor-widget-wrap elementor-element-populated\">\n\t\t\t\t\t\t\t\t<div class=\"elementor-element elementor-element-e6f4242 elementor-widget elementor-widget-react-heading\" data-id=\"e6f4242\" data-element_type=\"widget\" data-widget_type=\"react-heading.default\">\n\t\t\t\t<div class=\"elementor-widget-container\">\n\t\t\t        <div class=\"react-heading style9 \">\r\n        \t<div class=\"title-inner\">        \t\t      \t\t\r\n\t            <h2 class=\"title\"><span class=\"watermark\"><\/span>Les mots de<br \/> <span> l'associ\u00e9 <\/span> g\u00e9rant<\/h2><div class=\"title-img bottom-img\"><img decoding=\"async\" src=\"https:\/\/reactheme.com\/products\/wordpress\/finanix\/wp-content\/uploads\/2022\/02\/line-1.svg\" alt=\"title-image\" \/><\/div>\t        <\/div>\r\n\t                    \t<div class=\"description\">\r\n            \t\t<p>\u2713 LEAD CONSULTING est un cabinet de conseils, d\u2019\u00e9tudes et de formations cr\u00e9\u00e9 et anim\u00e9 par des professionnels chevronn\u00e9s. Il est sp\u00e9cialis\u00e9 dans les services \u00e0 forte valeur ajout\u00e9e aux banques, institutions financi\u00e8res, compagnies d\u2019assurance, grandes entreprises et PME\/PMI.<\/p>\n<p>\u2713 Nous apportons des solutions \u00e0 nos clients pour leur permettre de cro\u00eetre sainement et atteindre leurs objectifs.<br \/>\u2713 Notre expertise reconnue au-del\u00e0 de nos fronti\u00e8res nous permet d\u2019\u00eatre une force de propositions dans un environnement en perp\u00e9tuelle mutation.<\/p>            \t\t\r\n            \t<\/div>\r\n        \t        <\/div>\r\n        \t\t<\/div>\n\t\t\t\t<\/div>\n\t\t\t\t\t<\/div>\n\t\t<\/div>\n\t\t\t\t\t\t\t<\/div>\n\t\t<\/section>\n\t\t\t\t<section class=\"elementor-section elementor-top-section elementor-element elementor-element-10cfbdc elementor-section-content-middle elementor-section-boxed elementor-section-height-default elementor-section-height-default\" data-id=\"10cfbdc\" data-element_type=\"section\">\n\t\t\t\t\t\t<div class=\"elementor-container elementor-column-gap-default\">\n\t\t\t\t\t<div class=\"elementor-column elementor-col-50 elementor-top-column elementor-element elementor-element-a165af3\" data-id=\"a165af3\" data-element_type=\"column\">\n\t\t\t<div class=\"elementor-widget-wrap elementor-element-populated\">\n\t\t\t\t\t\t\t\t<div class=\"elementor-element elementor-element-993c765 elementor-widget elementor-widget-react-heading\" data-id=\"993c765\" data-element_type=\"widget\" data-widget_type=\"react-heading.default\">\n\t\t\t\t<div class=\"elementor-widget-container\">\n\t\t\t        <div class=\"react-heading style9 \">\r\n        \t<div class=\"title-inner\">        \t\t      \t\t\r\n\t            <h2 class=\"title\"><span class=\"watermark\"><\/span>Pourquoi<br \/>nous <span> choisir <\/span> ?<\/h2><div class=\"title-img bottom-img\"><img decoding=\"async\" src=\"https:\/\/reactheme.com\/products\/wordpress\/finanix\/wp-content\/uploads\/2022\/02\/line-1.svg\" alt=\"title-image\" \/><\/div>\t        <\/div>\r\n\t                <\/div>\r\n        \t\t<\/div>\n\t\t\t\t<\/div>\n\t\t\t\t<div class=\"elementor-element elementor-element-012513b elementor-widget elementor-widget-accordion\" data-id=\"012513b\" data-element_type=\"widget\" data-widget_type=\"accordion.default\">\n\t\t\t\t<div class=\"elementor-widget-container\">\n\t\t\t\t\t<div class=\"elementor-accordion\" role=\"tablist\">\n\t\t\t\t\t\t\t<div class=\"elementor-accordion-item\">\n\t\t\t\t\t<div id=\"elementor-tab-title-1201\" class=\"elementor-tab-title\" data-tab=\"1\" role=\"tab\" aria-controls=\"elementor-tab-content-1201\" aria-expanded=\"false\">\n\t\t\t\t\t\t\t\t\t\t\t\t\t<span class=\"elementor-accordion-icon elementor-accordion-icon-left\" aria-hidden=\"true\">\n\t\t\t\t\t\t\t\t\t\t\t\t\t\t\t<span class=\"elementor-accordion-icon-closed\"><i class=\"fas fa-plus\"><\/i><\/span>\n\t\t\t\t\t\t\t\t<span class=\"elementor-accordion-icon-opened\"><i class=\"fas fa-minus\"><\/i><\/span>\n\t\t\t\t\t\t\t\t\t\t\t\t\t\t<\/span>\n\t\t\t\t\t\t\t\t\t\t\t\t<a class=\"elementor-accordion-title\" href=\"\">Notre approche<\/a>\n\t\t\t\t\t<\/div>\n\t\t\t\t\t<div id=\"elementor-tab-content-1201\" class=\"elementor-tab-content elementor-clearfix\" data-tab=\"1\" role=\"tabpanel\" aria-labelledby=\"elementor-tab-title-1201\"><p>Nous privil\u00e9gions des r\u00e9ponses individualis\u00e9es aux pr\u00e9occupations de nos clients en adoptant une<br \/>m\u00e9thodologie rigoureuse. Au regard de votre strat\u00e9gie, vos objectifs et votre environnement, nos \u00e9quipes<br \/>vous apportent des bonnes pratiques et des livrables vous permettant de relever vos d\u00e9fis. Notre approche<br \/>m\u00e9thodologique repose sur une d\u00e9marche sur mesure, orient\u00e9e vers les clients.<\/p><\/div>\n\t\t\t\t<\/div>\n\t\t\t\t\t\t\t<div class=\"elementor-accordion-item\">\n\t\t\t\t\t<div id=\"elementor-tab-title-1202\" class=\"elementor-tab-title\" data-tab=\"2\" role=\"tab\" aria-controls=\"elementor-tab-content-1202\" aria-expanded=\"false\">\n\t\t\t\t\t\t\t\t\t\t\t\t\t<span class=\"elementor-accordion-icon elementor-accordion-icon-left\" aria-hidden=\"true\">\n\t\t\t\t\t\t\t\t\t\t\t\t\t\t\t<span class=\"elementor-accordion-icon-closed\"><i class=\"fas fa-plus\"><\/i><\/span>\n\t\t\t\t\t\t\t\t<span class=\"elementor-accordion-icon-opened\"><i class=\"fas fa-minus\"><\/i><\/span>\n\t\t\t\t\t\t\t\t\t\t\t\t\t\t<\/span>\n\t\t\t\t\t\t\t\t\t\t\t\t<a class=\"elementor-accordion-title\" href=\"\">Notre vision<\/a>\n\t\t\t\t\t<\/div>\n\t\t\t\t\t<div id=\"elementor-tab-content-1202\" class=\"elementor-tab-content elementor-clearfix\" data-tab=\"2\" role=\"tabpanel\" aria-labelledby=\"elementor-tab-title-1202\"><p>Aider \u00e0 b\u00e2tir des entreprises africaines r\u00e9silientes et \u00eatre le leader en mati\u00e8re de conseils financiers en Afrique.<br \/>Lead Consulting aspire \u00e0 \u00eatre le partenaire incontournable de ses clients gr\u00e2ce \u00e0 la connaissance approfondie de leurs activit\u00e9s. Nous nous plongeons profond\u00e9ment dans votre probl\u00e9matique pour vous apporter des solutions ad\u00e9quates et assurer votre croissance constante.<\/p><\/div>\n\t\t\t\t<\/div>\n\t\t\t\t\t\t\t<div class=\"elementor-accordion-item\">\n\t\t\t\t\t<div id=\"elementor-tab-title-1203\" class=\"elementor-tab-title\" data-tab=\"3\" role=\"tab\" aria-controls=\"elementor-tab-content-1203\" aria-expanded=\"false\">\n\t\t\t\t\t\t\t\t\t\t\t\t\t<span class=\"elementor-accordion-icon elementor-accordion-icon-left\" aria-hidden=\"true\">\n\t\t\t\t\t\t\t\t\t\t\t\t\t\t\t<span class=\"elementor-accordion-icon-closed\"><i class=\"fas fa-plus\"><\/i><\/span>\n\t\t\t\t\t\t\t\t<span class=\"elementor-accordion-icon-opened\"><i class=\"fas fa-minus\"><\/i><\/span>\n\t\t\t\t\t\t\t\t\t\t\t\t\t\t<\/span>\n\t\t\t\t\t\t\t\t\t\t\t\t<a class=\"elementor-accordion-title\" href=\"\">Nos valeurs<\/a>\n\t\t\t\t\t<\/div>\n\t\t\t\t\t<div id=\"elementor-tab-content-1203\" class=\"elementor-tab-content elementor-clearfix\" data-tab=\"3\" role=\"tabpanel\" aria-labelledby=\"elementor-tab-title-1203\"><p><strong>Disponibilit\u00e9<\/strong><br \/>Un atout fondamental de notre cabinet est notre disponibilit\u00e9 pour les clients. En effet, nous estimons qu\u2019il est de notre responsabilit\u00e9 de r\u00e9pondre au plus vite et au mieux aux besoins des entreprises et des particuliers, qu&rsquo;il s&rsquo;agisse de probl\u00e8mes quotidiens ou bien de projets complexes.<\/p><p><strong>Comp\u00e9tence<\/strong> <br \/>Les comp\u00e9tences de nos \u00e9quipes soutenues par des outils de travail performants assurent d\u00e8s lors \u00e0 nos clients une ex\u00e9cution professionnelle et soigneuse des missions qui nous sont confi\u00e9es.<\/p><p><strong>Performance<\/strong><br \/>Nous donnons un sens \u00e0 notre action en obtenant des r\u00e9sultats honorables et mesurables. Nous dimensionnons les solutions propos\u00e9es \u00e0 vos objectifs et \u00e0 vos ressources pour que nos interventions contribuent \u00e0 votre performance \u00e9conomique.<\/p><p><strong>Responsabilit\u00e9<\/strong> <br \/>La responsabilit\u00e9 est un moteur pour notre cabinet. La responsabilit\u00e9 envers les collaborateurs, les partenaires et les clients. Nos ambitions sont d\u2019inscrire les actions et les entreprises concern\u00e9es, dans la dur\u00e9e.<\/p><\/div>\n\t\t\t\t<\/div>\n\t\t\t\t\t\t\t\t<\/div>\n\t\t\t\t<\/div>\n\t\t\t\t<\/div>\n\t\t\t\t\t<\/div>\n\t\t<\/div>\n\t\t\t\t<div class=\"elementor-column elementor-col-50 elementor-top-column elementor-element elementor-element-cd3f791\" data-id=\"cd3f791\" data-element_type=\"column\">\n\t\t\t<div class=\"elementor-widget-wrap elementor-element-populated\">\n\t\t\t\t\t\t\t\t<div class=\"elementor-element elementor-element-999bd47 elementor-widget elementor-widget-image\" data-id=\"999bd47\" data-element_type=\"widget\" data-widget_type=\"image.default\">\n\t\t\t\t<div class=\"elementor-widget-container\">\n\t\t\t\t\t\t\t\t\t\t\t\t\t\t\t<img decoding=\"async\" width=\"640\" height=\"628\" src=\"https:\/\/www.cabinetlead.com\/wp-content\/uploads\/2023\/01\/img-team.png\" class=\"attachment-large size-large wp-image-5453\" alt=\"\" loading=\"lazy\" srcset=\"https:\/\/www.cabinetlead.com\/wp-content\/uploads\/2023\/01\/img-team.png 813w, https:\/\/www.cabinetlead.com\/wp-content\/uploads\/2023\/01\/img-team-300x294.png 300w, https:\/\/www.cabinetlead.com\/wp-content\/uploads\/2023\/01\/img-team-768x754.png 768w\" sizes=\"(max-width: 640px) 100vw, 640px\" \/>\t\t\t\t\t\t\t\t\t\t\t\t\t\t\t<\/div>\n\t\t\t\t<\/div>\n\t\t\t\t\t<\/div>\n\t\t<\/div>\n\t\t\t\t\t\t\t<\/div>\n\t\t<\/section>\n\t\t\t\t\t\t\t<\/div>\n\t\t","protected":false},"excerpt":{"rendered":"<p>Les mots de l&rsquo;associ\u00e9 g\u00e9rant \u2713 LEAD CONSULTING est un cabinet de conseils, d\u2019\u00e9tudes et de formations cr\u00e9\u00e9 et anim\u00e9 par des professionnels chevronn\u00e9s. Il est sp\u00e9cialis\u00e9 dans les services \u00e0 forte valeur ajout\u00e9e aux banques, institutions financi\u00e8res, compagnies d\u2019assurance, grandes entreprises et PME\/PMI. \u2713 Nous apportons des solutions \u00e0 nos clients pour leur permettre&#8230;<\/p>\n","protected":false},"author":1,"featured_media":0,"parent":0,"menu_order":0,"comment_status":"closed","ping_status":"closed","template":"","meta":[],"_links":{"self":[{"href":"https:\/\/www.cabinetlead.com\/index.php\/wp-json\/wp\/v2\/pages\/13"}],"collection":[{"href":"https:\/\/www.cabinetlead.com\/index.php\/wp-json\/wp\/v2\/pages"}],"about":[{"href":"https:\/\/www.cabinetlead.com\/index.php\/wp-json\/wp\/v2\/types\/page"}],"author":[{"embeddable":true,"href":"https:\/\/www.cabinetlead.com\/index.php\/wp-json\/wp\/v2\/users\/1"}],"replies":[{"embeddable":true,"href":"https:\/\/www.cabinetlead.com\/index.php\/wp-json\/wp\/v2\/comments?post=13"}],"version-history":[{"count":34,"href":"https:\/\/www.cabinetlead.com\/index.php\/wp-json\/wp\/v2\/pages\/13\/revisions"}],"predecessor-version":[{"id":5645,"href":"https:\/\/www.cabinetlead.com\/index.php\/wp-json\/wp\/v2\/pages\/13\/revisions\/5645"}],"wp:attachment":[{"href":"https:\/\/www.cabinetlead.com\/index.php\/wp-json\/wp\/v2\/media?parent=13"}],"curies":[{"name":"wp","href":"https:\/\/api.w.org\/{rel}","templated":true}]}}